{"id":1923,"date":"2025-03-07T02:59:23","date_gmt":"2025-03-07T01:59:23","guid":{"rendered":"https:\/\/viparquitectes.ooptimo.dev\/contacte\/"},"modified":"2025-05-16T12:41:19","modified_gmt":"2025-05-16T11:41:19","slug":"contacto","status":"publish","type":"page","link":"https:\/\/viparquitectes.com\/es\/contacto\/","title":{"rendered":"Contacto"},"content":{"rendered":"\n\n<section class=\"wp-block align wp-block-contacto bloque-contacto\">\n\t<div class=\"container\">\n\t\t<div class=\"columna-1\">\n\t\t\t<h2>\u00bfHablamos?<\/h2>\n\t\t\t<div class=\"descripcion\">\n\t\t\t\tEstamos aqu\u00ed para ayudarte a dise\u00f1ar el espacio de sus sue\u00f1os. Tanto si tienes una idea inicial como si necesitas un dise\u00f1o completo, nuestro equipo crear\u00e1 soluciones arquitect\u00f3nicas personalizadas. Rellena el formulario o contacta con nosotros para hablar sobre tu proyecto.\n\t\t\t<\/div>\n\t\t\t\n<div class=\"wpcf7 no-js\" id=\"wpcf7-f2014-o1\" lang=\"es-ES\" dir=\"ltr\" data-wpcf7-id=\"2014\">\n<div class=\"screen-reader-response\"><p role=\"status\" aria-live=\"polite\" aria-atomic=\"true\"><\/p> <ul><\/ul><\/div>\n<form action=\"\/es\/wp-json\/wp\/v2\/pages\/1923#wpcf7-f2014-o1\" method=\"post\" class=\"wpcf7-form init\" aria-label=\"Formulario de contacto\" novalidate=\"novalidate\" data-status=\"init\">\n<fieldset class=\"hidden-fields-container\"><input type=\"hidden\" name=\"_wpcf7\" value=\"2014\" \/><input type=\"hidden\" name=\"_wpcf7_version\" value=\"6.1.5\" \/><input type=\"hidden\" name=\"_wpcf7_locale\" value=\"es_ES\" \/><input type=\"hidden\" name=\"_wpcf7_unit_tag\" value=\"wpcf7-f2014-o1\" \/><input type=\"hidden\" name=\"_wpcf7_container_post\" value=\"0\" \/><input type=\"hidden\" name=\"_wpcf7_posted_data_hash\" value=\"\" \/>\n<\/fieldset>\n<span class=\"wpcf7-form-control-wrap\" data-name=\"your-name\"><input size=\"40\" maxlength=\"400\" class=\"wpcf7-form-control wpcf7-text wpcf7-validates-as-required\" autocomplete=\"name\" aria-required=\"true\" aria-invalid=\"false\" placeholder=\"Nombre*\" value=\"\" type=\"text\" name=\"your-name\" \/><\/span>\n<span class=\"wpcf7-form-control-wrap\" data-name=\"your-lastname\"><input size=\"40\" maxlength=\"400\" class=\"wpcf7-form-control wpcf7-text wpcf7-validates-as-required\" autocomplete=\"name\" aria-required=\"true\" aria-invalid=\"false\" placeholder=\"Apellido*\" value=\"\" type=\"text\" name=\"your-lastname\" \/><\/span>\n<span class=\"wpcf7-form-control-wrap\" data-name=\"your-phone\"><input size=\"40\" maxlength=\"400\" class=\"wpcf7-form-control wpcf7-text wpcf7-validates-as-required\" aria-required=\"true\" aria-invalid=\"false\" placeholder=\"Tel\u00e9fono*\" value=\"\" type=\"text\" name=\"your-phone\" \/><\/span>\n<span class=\"wpcf7-form-control-wrap\" data-name=\"your-email\"><input size=\"40\" maxlength=\"400\" class=\"wpcf7-form-control wpcf7-email wpcf7-validates-as-required wpcf7-text wpcf7-validates-as-email\" autocomplete=\"email\" aria-required=\"true\" aria-invalid=\"false\" placeholder=\"Email*\" value=\"\" type=\"email\" name=\"your-email\" \/><\/span>\n<span class=\"wpcf7-form-control-wrap\" data-name=\"your-message\"><textarea cols=\"40\" rows=\"10\" maxlength=\"2000\" class=\"wpcf7-form-control wpcf7-textarea\" aria-invalid=\"false\" placeholder=\"Mensaje*\" name=\"your-message\"><\/textarea><\/span>\n\n<label id:acceptance> \n<span class=\"wpcf7-form-control-wrap\" data-name=\"acceptance-702\"><span class=\"wpcf7-form-control wpcf7-acceptance\"><span class=\"wpcf7-list-item\"><label class=\"form-check form-check-inline form-check-checkbox\"><input type=\"checkbox\" name=\"acceptance-702\" value=\"1\" aria-invalid=\"false\" class=\"form-check-input\"><span class=\"wpcf7-list-item-label form-check-label\">Acepto la <a href=\"\/politica-de-privacidad\/\">Pol\u00edtica de Privacidad<\/a>.<\/p><\/span><\/label><\/span><\/span><\/span> \n<\/label>\n\n\n<input class=\"wpcf7-form-control wpcf7-submit has-spinner\" type=\"submit\" value=\"Enviar\" \/><div class=\"wpcf7-response-output\" aria-hidden=\"true\"><\/div>\n<\/form>\n<\/div>\n\n\t\t\t<hr>\n\t\t\t<div class=\"contenido\">\n\t\t\t\t<p>O si lo prefieres, puedes enviarnos un email a <a href=\"mailto:info@viparquitectes.com\">info@viparquitectes.com<\/a> o llamarnos al <strong>(+34) 93 148 08 51<\/strong>.<\/p>\n<p>Nos encantar\u00eda poder hablar sobre tu proyecto en persona. Si quieres concertar una reuni\u00f3n, vis\u00edtenos en nuestro despacho.<\/p>\n<h6>Horario:<\/h6>\n<p>De lunes a jueves: 9:00h &#8211; 14:00h | 16:00 h &#8211; 19:00 h<br \/>\nViernes: 9:00 h &#8211; 13:00 h<\/p>\n\n\t\t\t<\/div>\n\t\t<\/div>\n\t<\/div>\n\t<div class=\"imagen\">\n\t\t<img decoding=\"async\" src=\"https:\/\/viparquitectes.com\/wp-content\/uploads\/2025\/03\/Contacto.jpg\" alt=\"\">\n\t<\/div>\n<\/section>\n\n<section class=\"wp-block align wp-block-contacto bloque-mapa\">\n\t<div class=\"mapa\">\n\t\t<p><iframe src=\"https:\/\/www.google.com\/maps\/embed?pb=!1m18!1m12!1m3!1d2992.6267593090733!2d2.1352226766883837!3d41.403911371297816!2m3!1f0!2f0!3f0!3m2!1i1024!2i768!4f13.1!3m3!1m2!1s0x12a4a36ec1d8ea9b%3A0xc3daaa264d96ffd!2sVIP%20Arquitectes!5e0!3m2!1ses!2sco!4v1741539004385!5m2!1ses!2sco\" style=\"border:0;\" allowfullscreen=\"\" loading=\"lazy\" referrerpolicy=\"no-referrer-when-downgrade\"><\/iframe><\/p>\n\n\t<\/div>\n<\/section>\n","protected":false},"excerpt":{"rendered":"","protected":false},"author":1,"featured_media":0,"parent":0,"menu_order":0,"comment_status":"closed","ping_status":"closed","template":"","meta":{"_acf_changed":false,"footnotes":""},"class_list":["post-1923","page","type-page","status-publish","hentry"],"acf":[],"yoast_head":"<title>Contacto | VIP Arquitectes<\/title>\n<meta name=\"description\" content=\"Tanto si tienes una idea inicial como si necesitas un dise\u00f1o completo, nuestro equipo crear\u00e1 soluciones arquitect\u00f3nicas personalizadas.\" \/>\n<meta name=\"robots\" content=\"index, follow, max-snippet:-1, max-image-preview:large, max-video-preview:-1\" \/>\n<link rel=\"canonical\" href=\"https:\/\/viparquitectes.com\/es\/contacto\/\" \/>\n<meta property=\"og:locale\" content=\"es_ES\" \/>\n<meta property=\"og:type\" content=\"article\" \/>\n<meta property=\"og:title\" content=\"Contacto | VIP Arquitectes\" \/>\n<meta property=\"og:description\" content=\"Tanto si tienes una idea inicial como si necesitas un dise\u00f1o completo, nuestro equipo crear\u00e1 soluciones arquitect\u00f3nicas personalizadas.\" \/>\n<meta property=\"og:url\" content=\"https:\/\/viparquitectes.com\/es\/contacto\/\" \/>\n<meta property=\"og:site_name\" content=\"VIP Arquitectes\" \/>\n<meta property=\"article:publisher\" content=\"https:\/\/www.facebook.com\/viparquitectes\/\" \/>\n<meta property=\"article:modified_time\" content=\"2025-05-16T11:41:19+00:00\" \/>\n<meta name=\"twitter:card\" content=\"summary_large_image\" \/>\n<script type=\"application\/ld+json\" class=\"yoast-schema-graph\">{\"@context\":\"https:\/\/schema.org\",\"@graph\":[{\"@type\":\"WebPage\",\"@id\":\"https:\/\/viparquitectes.com\/es\/contacto\/\",\"url\":\"https:\/\/viparquitectes.com\/es\/contacto\/\",\"name\":\"Contacto | VIP Arquitectes\",\"isPartOf\":{\"@id\":\"https:\/\/viparquitectes.com\/#website\"},\"datePublished\":\"2025-03-07T01:59:23+00:00\",\"dateModified\":\"2025-05-16T11:41:19+00:00\",\"description\":\"Tanto si tienes una idea inicial como si necesitas un dise\u00f1o completo, nuestro equipo crear\u00e1 soluciones arquitect\u00f3nicas personalizadas.\",\"breadcrumb\":{\"@id\":\"https:\/\/viparquitectes.com\/es\/contacto\/#breadcrumb\"},\"inLanguage\":\"es\",\"potentialAction\":[{\"@type\":\"ReadAction\",\"target\":[\"https:\/\/viparquitectes.com\/es\/contacto\/\"]}]},{\"@type\":\"BreadcrumbList\",\"@id\":\"https:\/\/viparquitectes.com\/es\/contacto\/#breadcrumb\",\"itemListElement\":[{\"@type\":\"ListItem\",\"position\":1,\"name\":\"Inici\",\"item\":\"https:\/\/viparquitectes.com\/es\/\"},{\"@type\":\"ListItem\",\"position\":2,\"name\":\"Contacto\"}]},{\"@type\":\"WebSite\",\"@id\":\"https:\/\/viparquitectes.com\/#website\",\"url\":\"https:\/\/viparquitectes.com\/\",\"name\":\"VIP Arquitectes\",\"description\":\"Estudi d\u2019arquitectura a Barcelona\",\"publisher\":{\"@id\":\"https:\/\/viparquitectes.com\/#organization\"},\"alternateName\":\"VIP Arquitectes\",\"potentialAction\":[{\"@type\":\"SearchAction\",\"target\":{\"@type\":\"EntryPoint\",\"urlTemplate\":\"https:\/\/viparquitectes.com\/?s={search_term_string}\"},\"query-input\":{\"@type\":\"PropertyValueSpecification\",\"valueRequired\":true,\"valueName\":\"search_term_string\"}}],\"inLanguage\":\"es\"},{\"@type\":\"Organization\",\"@id\":\"https:\/\/viparquitectes.com\/#organization\",\"name\":\"VIP Arquitectes\",\"alternateName\":\"VIP Arquitectes\",\"url\":\"https:\/\/viparquitectes.com\/\",\"logo\":{\"@type\":\"ImageObject\",\"inLanguage\":\"es\",\"@id\":\"https:\/\/viparquitectes.com\/#\/schema\/logo\/image\/\",\"url\":\"https:\/\/viparquitectes.com\/wp-content\/uploads\/2025\/04\/Capa_1-1.svg\",\"contentUrl\":\"https:\/\/viparquitectes.com\/wp-content\/uploads\/2025\/04\/Capa_1-1.svg\",\"width\":1,\"height\":1,\"caption\":\"VIP Arquitectes\"},\"image\":{\"@id\":\"https:\/\/viparquitectes.com\/#\/schema\/logo\/image\/\"},\"sameAs\":[\"https:\/\/www.facebook.com\/viparquitectes\/\",\"https:\/\/www.instagram.com\/vip_arquitectes\/\"]}]}<\/script>","yoast_head_json":{"title":"Contacto | VIP Arquitectes","description":"Tanto si tienes una idea inicial como si necesitas un dise\u00f1o completo, nuestro equipo crear\u00e1 soluciones arquitect\u00f3nicas personalizadas.","robots":{"index":"index","follow":"follow","max-snippet":"max-snippet:-1","max-image-preview":"max-image-preview:large","max-video-preview":"max-video-preview:-1"},"canonical":"https:\/\/viparquitectes.com\/es\/contacto\/","og_locale":"es_ES","og_type":"article","og_title":"Contacto | VIP Arquitectes","og_description":"Tanto si tienes una idea inicial como si necesitas un dise\u00f1o completo, nuestro equipo crear\u00e1 soluciones arquitect\u00f3nicas personalizadas.","og_url":"https:\/\/viparquitectes.com\/es\/contacto\/","og_site_name":"VIP Arquitectes","article_publisher":"https:\/\/www.facebook.com\/viparquitectes\/","article_modified_time":"2025-05-16T11:41:19+00:00","twitter_card":"summary_large_image","schema":{"@context":"https:\/\/schema.org","@graph":[{"@type":"WebPage","@id":"https:\/\/viparquitectes.com\/es\/contacto\/","url":"https:\/\/viparquitectes.com\/es\/contacto\/","name":"Contacto | VIP Arquitectes","isPartOf":{"@id":"https:\/\/viparquitectes.com\/#website"},"datePublished":"2025-03-07T01:59:23+00:00","dateModified":"2025-05-16T11:41:19+00:00","description":"Tanto si tienes una idea inicial como si necesitas un dise\u00f1o completo, nuestro equipo crear\u00e1 soluciones arquitect\u00f3nicas personalizadas.","breadcrumb":{"@id":"https:\/\/viparquitectes.com\/es\/contacto\/#breadcrumb"},"inLanguage":"es","potentialAction":[{"@type":"ReadAction","target":["https:\/\/viparquitectes.com\/es\/contacto\/"]}]},{"@type":"BreadcrumbList","@id":"https:\/\/viparquitectes.com\/es\/contacto\/#breadcrumb","itemListElement":[{"@type":"ListItem","position":1,"name":"Inici","item":"https:\/\/viparquitectes.com\/es\/"},{"@type":"ListItem","position":2,"name":"Contacto"}]},{"@type":"WebSite","@id":"https:\/\/viparquitectes.com\/#website","url":"https:\/\/viparquitectes.com\/","name":"VIP Arquitectes","description":"Estudi d\u2019arquitectura a Barcelona","publisher":{"@id":"https:\/\/viparquitectes.com\/#organization"},"alternateName":"VIP Arquitectes","potentialAction":[{"@type":"SearchAction","target":{"@type":"EntryPoint","urlTemplate":"https:\/\/viparquitectes.com\/?s={search_term_string}"},"query-input":{"@type":"PropertyValueSpecification","valueRequired":true,"valueName":"search_term_string"}}],"inLanguage":"es"},{"@type":"Organization","@id":"https:\/\/viparquitectes.com\/#organization","name":"VIP Arquitectes","alternateName":"VIP Arquitectes","url":"https:\/\/viparquitectes.com\/","logo":{"@type":"ImageObject","inLanguage":"es","@id":"https:\/\/viparquitectes.com\/#\/schema\/logo\/image\/","url":"https:\/\/viparquitectes.com\/wp-content\/uploads\/2025\/04\/Capa_1-1.svg","contentUrl":"https:\/\/viparquitectes.com\/wp-content\/uploads\/2025\/04\/Capa_1-1.svg","width":1,"height":1,"caption":"VIP Arquitectes"},"image":{"@id":"https:\/\/viparquitectes.com\/#\/schema\/logo\/image\/"},"sameAs":["https:\/\/www.facebook.com\/viparquitectes\/","https:\/\/www.instagram.com\/vip_arquitectes\/"]}]}},"_links":{"self":[{"href":"https:\/\/viparquitectes.com\/es\/wp-json\/wp\/v2\/pages\/1923","targetHints":{"allow":["GET"]}}],"collection":[{"href":"https:\/\/viparquitectes.com\/es\/wp-json\/wp\/v2\/pages"}],"about":[{"href":"https:\/\/viparquitectes.com\/es\/wp-json\/wp\/v2\/types\/page"}],"author":[{"embeddable":true,"href":"https:\/\/viparquitectes.com\/es\/wp-json\/wp\/v2\/users\/1"}],"replies":[{"embeddable":true,"href":"https:\/\/viparquitectes.com\/es\/wp-json\/wp\/v2\/comments?post=1923"}],"version-history":[{"count":0,"href":"https:\/\/viparquitectes.com\/es\/wp-json\/wp\/v2\/pages\/1923\/revisions"}],"wp:attachment":[{"href":"https:\/\/viparquitectes.com\/es\/wp-json\/wp\/v2\/media?parent=1923"}],"curies":[{"name":"wp","href":"https:\/\/api.w.org\/{rel}","templated":true}]}}