{"id":1919,"date":"2025-03-07T02:59:03","date_gmt":"2025-03-07T01:59:03","guid":{"rendered":"https:\/\/viparquitectes.ooptimo.dev\/sobre-nosaltres\/"},"modified":"2025-05-16T12:37:46","modified_gmt":"2025-05-16T11:37:46","slug":"sobre-nosotros","status":"publish","type":"page","link":"https:\/\/viparquitectes.com\/es\/sobre-nosotros\/","title":{"rendered":"Sobre nosotros"},"content":{"rendered":"\n\n<section class=\"wp-block align wp-block-heroprincipal bloquehero-principal\" style=\" background-image: url(https:\/\/viparquitectes.com\/wp-content\/uploads\/2025\/03\/sobre-nosaltres-scaled.jpeg) \">\n\t<div class=\"container  text-center \">\n\t\t\t\t<div class=\"contenido  text-center \">\n\t\t\t\t\t\t\t<h1>Un equipo apasionado por transformar ideas en espacios \u00fanicos<\/h1>\n\t\t\t\t\t\t\t\t<\/div>\n\t<\/div>\n<\/section>\n\n\n<section class=\"wp-block align wp-block-bannertexto banner-texto\">\n\t<div class=\"container\">\n\t\t<div class=\"descripcion\">\n\t\t\t<p>VIP Arquitectes es un despacho de arquitectura con una gran pasi\u00f3n por el dise\u00f1o y un compromiso firme con la calidad y la sostenibilidad. Nuestra misi\u00f3n es crear espacios que respondan a las necesidades de nuestros clientes, aportando est\u00e9tica y funcionalidad. Somos un grupo de profesionales con experiencia y especializaci\u00f3n en diversas \u00e1reas de la arquitectura, que trabajamos juntos para ofrecer soluciones personalizadas e innovadoras.<\/p>\n\n\t\t<\/div>\n\t<\/div>\n<\/section>\n\n\n<section class=\"wp-block align wp-block-doscolumnas dos-columnas\" style=\"background-color: #ffffff;\">\n\t<div class=\"container\">\n\t\t<div class=\"contenido\">\n\t\t\t<div class=\"titulo\">\n\t\t\t\t\t\t\t\t\t<h2>Nuestra propuesta<\/h2>\n\t\t\t\t\t\t\t\t            <\/div>\n\t\t\t\t\t\t\t<div class=\"descripcion\">\n\t\t\t\t\t<p>Cada proyecto es una nueva oportunidad para innovar e inspirar. Nuestro proceso de dise\u00f1o se basa en la colaboraci\u00f3n estrecha con los clientes, creando espacios que no solo sean funcionales, sino que tambi\u00e9n reflejen su esencia. El punto de partida es la experiencia: lo que queremos que sientas en cada instante, al vivir cada espacio. La sostenibilidad, la creatividad y la calidad son los pilares de todo lo que hacemos.<\/p>\n\n\t\t\t\t<\/div>\n\t\t\t\t\t<\/div>\n\t<\/div>\n    <div class=\"imagen\">\n\t\t\t\t\t<img decoding=\"async\" src=\"https:\/\/viparquitectes.com\/wp-content\/uploads\/2025\/03\/sala1-sobre-nosaltres.jpeg\" alt=\"\">\n\t\t    <\/div>\n<\/section>\n\n\n<section class=\"wp-block align wp-block-bannerimagentexto banner-imagen-texto\">\n\n\t<div class=\"imagen\">\n\t\t\t\t\t<img decoding=\"async\" src=\"https:\/\/viparquitectes.com\/wp-content\/uploads\/2025\/03\/sobrenosaltres3.jpeg\" alt=\"\">\n\t\t\t<\/div>\n\t\n\t<div class=\"container\">\n\t\t<div class=\"contenido\">\n\t\t\t\t\t\t\t<h2>Nuestros valores<\/h2>\n\t\t\t\t\t\t\t\t\t\t<div class=\"descripcion\">\n\t\t\t\t\t<ul>\n<li><strong>Compromiso con la calidad:<\/strong> Cada proyecto es una reflexi\u00f3n de nuestro rigor y dedicaci\u00f3n.<\/li>\n<li><strong>Creatividad e innovaci\u00f3n:<\/strong> Buscamos soluciones \u00fanicas que superen las expectativas.<\/li>\n<li><strong>Sostenibilidad:<\/strong> Priorizamos el uso de materiales y dise\u00f1os que respeten el medio ambiente.<\/li>\n<\/ul>\n\n\t\t\t\t<\/div>\n\t\t\t\t\t<\/div>\n\t<\/div>\n\n<\/section>\n\n\n<section class=\"wp-block align wp-block-biografia biografia\">\n\t<div class=\"titulo\">\n\t\t<div class=\"container\">\n\t\t\t<h2>El equipo que lo hace realidad.<\/h2>\n\t\t<\/div>\n\t<\/div>\n\n\t<div class=\"informacion-biografia\">\n\t\t<div class=\"container\">\n\t\t\t<div class=\"contenido\">\n\t\t\t\t<div class=\"titulo\">\n\t\t\t\t\t\t\t\t\t\t\t<h3>Josep Vellveh\u00ed<\/h2>\n\t\t\t\t\t\t\t\t\t\t\t\t\t\t\t\t<h4>CEO y Fundador<\/h4>\n\t\t\t\t\t\t\t\t\t<\/div>\n\t\t\t\t\t\t\t\t\t<div class=\"descripcion\">\n\t\t\t\t\t\t<p class=\"\" data-start=\"0\" data-end=\"305\">La arquitectura no es solo el arte de crear espacios; es la conexi\u00f3n entre la vida cotidiana y el entorno que la define. Cada proyecto es una oportunidad para contar una historia, para dar respuesta a las necesidades humanas con sensibilidad, creatividad y un profundo respeto por la esencia de las cosas.<\/p>\n<p class=\"\" data-start=\"307\" data-end=\"743\">En VIP Arquitectes entendemos el lujo como una cualidad que va m\u00e1s all\u00e1 del valor material o de lo exclusivo. Para nosotros, el lujo se encuentra en la simplicidad aut\u00e9ntica, en los detalles que conmueven y en la capacidad de cada espacio para generar vivencias \u00fanicas. Con esta filosof\u00eda, nuestro equipo trabaja con dedicaci\u00f3n, cuidado y una visi\u00f3n colaborativa, comprometidos a transformar ideas en realidades que inspiren y perduren.<\/p>\n\n\t\t\t\t\t<\/div>\n\t\t\t\t\t\t\t<\/div>\n\t\t<\/div>\n\t\t<div class=\"imagen\">\n\t\t\t\t\t\t\t<img decoding=\"async\" src=\"https:\/\/viparquitectes.com\/wp-content\/uploads\/2025\/03\/Josep-Vellvehi-de-tamano-grande.jpeg\" alt=\"\">\n\t\t\t\t\t<\/div>\n\t<\/div>\n<\/section>\n\n\n<section class=\"wp-block align wp-block-arquitectos bloque-arquitectos\">\n\t<div class=\"container\">\n\t\t<div class=\"arquitectos swiper\">\n\t\t\t<div class=\"swiper-wrapper\">\n\t\t\t\t\t\t\t\t\t<div class=\"arquitecto swiper-slide\">\n\t\t\t\t\t\t<div class=\"arquitecto__imagen\">\n\t\t\t\t\t\t\t<img decoding=\"async\" src=\"https:\/\/viparquitectes.com\/wp-content\/uploads\/2025\/03\/Agus-Menendez.jpg\" alt=\"\">\n\t\t\t\t\t\t<\/div>\n\t\t\t\t\t\t<div class=\"info-arq\">\n\t\t\t\t\t\t\t<h3>Agus Menendez<\/h3>\n\t\t\t\t\t\t\t<p>Arquitecto Senior<\/p>\n\t\t\t\t\t\t<\/div>\n\t\t\t\t\t<\/div>\n\t\t\t\t\t\t\t\t\t<div class=\"arquitecto swiper-slide\">\n\t\t\t\t\t\t<div class=\"arquitecto__imagen\">\n\t\t\t\t\t\t\t<img decoding=\"async\" src=\"https:\/\/viparquitectes.com\/wp-content\/uploads\/2025\/03\/Pablo-Bracho.png\" alt=\"\">\n\t\t\t\t\t\t<\/div>\n\t\t\t\t\t\t<div class=\"info-arq\">\n\t\t\t\t\t\t\t<h3>Pablo Bracho<\/h3>\n\t\t\t\t\t\t\t<p>Arquitecto Senior<\/p>\n\t\t\t\t\t\t<\/div>\n\t\t\t\t\t<\/div>\n\t\t\t\t\t\t\t\t\t<div class=\"arquitecto swiper-slide\">\n\t\t\t\t\t\t<div class=\"arquitecto__imagen\">\n\t\t\t\t\t\t\t<img decoding=\"async\" src=\"https:\/\/viparquitectes.com\/wp-content\/uploads\/2025\/03\/Raul-Lopez.jpg\" alt=\"\">\n\t\t\t\t\t\t<\/div>\n\t\t\t\t\t\t<div class=\"info-arq\">\n\t\t\t\t\t\t\t<h3>Ra\u00fcl L\u00f3pez<\/h3>\n\t\t\t\t\t\t\t<p>Arquitecto T\u00e9cnico Senior<\/p>\n\t\t\t\t\t\t<\/div>\n\t\t\t\t\t<\/div>\n\t\t\t\t\t\t\t\t\t<div class=\"arquitecto swiper-slide\">\n\t\t\t\t\t\t<div class=\"arquitecto__imagen\">\n\t\t\t\t\t\t\t<img decoding=\"async\" src=\"https:\/\/viparquitectes.com\/wp-content\/uploads\/2025\/03\/Xavi-Calabuig.jpg\" alt=\"\">\n\t\t\t\t\t\t<\/div>\n\t\t\t\t\t\t<div class=\"info-arq\">\n\t\t\t\t\t\t\t<h3>Xavi Calabuig<\/h3>\n\t\t\t\t\t\t\t<p>Arquitecto T\u00e9cnico Senior<\/p>\n\t\t\t\t\t\t<\/div>\n\t\t\t\t\t<\/div>\n\t\t\t\t\t\t\t\t\t<div class=\"arquitecto swiper-slide\">\n\t\t\t\t\t\t<div class=\"arquitecto__imagen\">\n\t\t\t\t\t\t\t<img decoding=\"async\" src=\"https:\/\/viparquitectes.com\/wp-content\/uploads\/2025\/05\/karen-scaled-e1747231267571.jpg\" alt=\"\">\n\t\t\t\t\t\t<\/div>\n\t\t\t\t\t\t<div class=\"info-arq\">\n\t\t\t\t\t\t\t<h3>Karen Garcia<\/h3>\n\t\t\t\t\t\t\t<p>Arquitecto Junior<\/p>\n\t\t\t\t\t\t<\/div>\n\t\t\t\t\t<\/div>\n\t\t\t\t\t\t\t<\/div>\n\t\t\t<div class=\"swiper-pagination\"><\/div>\n\t\t<\/div>\n\t<\/div>\n<\/section>\n","protected":false},"excerpt":{"rendered":"","protected":false},"author":1,"featured_media":0,"parent":0,"menu_order":0,"comment_status":"closed","ping_status":"closed","template":"","meta":{"_acf_changed":false,"footnotes":""},"class_list":["post-1919","page","type-page","status-publish","hentry"],"acf":[],"yoast_head":"<title>Sobre nosotros | VIP Arquitectes<\/title>\n<meta name=\"description\" content=\"La arquitectura no es s\u00f3lo el arte de crear espacios; es la conexi\u00f3n entre la vida cotidiana y el entorno que la define.\" \/>\n<meta name=\"robots\" content=\"index, follow, max-snippet:-1, max-image-preview:large, max-video-preview:-1\" \/>\n<link rel=\"canonical\" href=\"https:\/\/viparquitectes.com\/es\/sobre-nosotros\/\" \/>\n<meta property=\"og:locale\" content=\"es_ES\" \/>\n<meta property=\"og:type\" content=\"article\" \/>\n<meta property=\"og:title\" content=\"Sobre nosotros | VIP Arquitectes\" \/>\n<meta property=\"og:description\" content=\"La arquitectura no es s\u00f3lo el arte de crear espacios; es la conexi\u00f3n entre la vida cotidiana y el entorno que la define.\" \/>\n<meta property=\"og:url\" content=\"https:\/\/viparquitectes.com\/es\/sobre-nosotros\/\" \/>\n<meta property=\"og:site_name\" content=\"VIP Arquitectes\" \/>\n<meta property=\"article:publisher\" content=\"https:\/\/www.facebook.com\/viparquitectes\/\" \/>\n<meta property=\"article:modified_time\" content=\"2025-05-16T11:37:46+00:00\" \/>\n<meta name=\"twitter:card\" content=\"summary_large_image\" \/>\n<script type=\"application\/ld+json\" class=\"yoast-schema-graph\">{\"@context\":\"https:\/\/schema.org\",\"@graph\":[{\"@type\":\"WebPage\",\"@id\":\"https:\/\/viparquitectes.com\/es\/sobre-nosotros\/\",\"url\":\"https:\/\/viparquitectes.com\/es\/sobre-nosotros\/\",\"name\":\"Sobre nosotros | VIP Arquitectes\",\"isPartOf\":{\"@id\":\"https:\/\/viparquitectes.com\/#website\"},\"datePublished\":\"2025-03-07T01:59:03+00:00\",\"dateModified\":\"2025-05-16T11:37:46+00:00\",\"description\":\"La arquitectura no es s\u00f3lo el arte de crear espacios; es la conexi\u00f3n entre la vida cotidiana y el entorno que la define.\",\"breadcrumb\":{\"@id\":\"https:\/\/viparquitectes.com\/es\/sobre-nosotros\/#breadcrumb\"},\"inLanguage\":\"es\",\"potentialAction\":[{\"@type\":\"ReadAction\",\"target\":[\"https:\/\/viparquitectes.com\/es\/sobre-nosotros\/\"]}]},{\"@type\":\"BreadcrumbList\",\"@id\":\"https:\/\/viparquitectes.com\/es\/sobre-nosotros\/#breadcrumb\",\"itemListElement\":[{\"@type\":\"ListItem\",\"position\":1,\"name\":\"Inici\",\"item\":\"https:\/\/viparquitectes.com\/es\/\"},{\"@type\":\"ListItem\",\"position\":2,\"name\":\"Sobre nosotros\"}]},{\"@type\":\"WebSite\",\"@id\":\"https:\/\/viparquitectes.com\/#website\",\"url\":\"https:\/\/viparquitectes.com\/\",\"name\":\"VIP Arquitectes\",\"description\":\"Estudi d\u2019arquitectura a Barcelona\",\"publisher\":{\"@id\":\"https:\/\/viparquitectes.com\/#organization\"},\"alternateName\":\"VIP Arquitectes\",\"potentialAction\":[{\"@type\":\"SearchAction\",\"target\":{\"@type\":\"EntryPoint\",\"urlTemplate\":\"https:\/\/viparquitectes.com\/?s={search_term_string}\"},\"query-input\":{\"@type\":\"PropertyValueSpecification\",\"valueRequired\":true,\"valueName\":\"search_term_string\"}}],\"inLanguage\":\"es\"},{\"@type\":\"Organization\",\"@id\":\"https:\/\/viparquitectes.com\/#organization\",\"name\":\"VIP Arquitectes\",\"alternateName\":\"VIP Arquitectes\",\"url\":\"https:\/\/viparquitectes.com\/\",\"logo\":{\"@type\":\"ImageObject\",\"inLanguage\":\"es\",\"@id\":\"https:\/\/viparquitectes.com\/#\/schema\/logo\/image\/\",\"url\":\"https:\/\/viparquitectes.com\/wp-content\/uploads\/2025\/04\/Capa_1-1.svg\",\"contentUrl\":\"https:\/\/viparquitectes.com\/wp-content\/uploads\/2025\/04\/Capa_1-1.svg\",\"width\":1,\"height\":1,\"caption\":\"VIP Arquitectes\"},\"image\":{\"@id\":\"https:\/\/viparquitectes.com\/#\/schema\/logo\/image\/\"},\"sameAs\":[\"https:\/\/www.facebook.com\/viparquitectes\/\",\"https:\/\/www.instagram.com\/vip_arquitectes\/\"]}]}<\/script>","yoast_head_json":{"title":"Sobre nosotros | VIP Arquitectes","description":"La arquitectura no es s\u00f3lo el arte de crear espacios; es la conexi\u00f3n entre la vida cotidiana y el entorno que la define.","robots":{"index":"index","follow":"follow","max-snippet":"max-snippet:-1","max-image-preview":"max-image-preview:large","max-video-preview":"max-video-preview:-1"},"canonical":"https:\/\/viparquitectes.com\/es\/sobre-nosotros\/","og_locale":"es_ES","og_type":"article","og_title":"Sobre nosotros | VIP Arquitectes","og_description":"La arquitectura no es s\u00f3lo el arte de crear espacios; es la conexi\u00f3n entre la vida cotidiana y el entorno que la define.","og_url":"https:\/\/viparquitectes.com\/es\/sobre-nosotros\/","og_site_name":"VIP Arquitectes","article_publisher":"https:\/\/www.facebook.com\/viparquitectes\/","article_modified_time":"2025-05-16T11:37:46+00:00","twitter_card":"summary_large_image","schema":{"@context":"https:\/\/schema.org","@graph":[{"@type":"WebPage","@id":"https:\/\/viparquitectes.com\/es\/sobre-nosotros\/","url":"https:\/\/viparquitectes.com\/es\/sobre-nosotros\/","name":"Sobre nosotros | VIP Arquitectes","isPartOf":{"@id":"https:\/\/viparquitectes.com\/#website"},"datePublished":"2025-03-07T01:59:03+00:00","dateModified":"2025-05-16T11:37:46+00:00","description":"La arquitectura no es s\u00f3lo el arte de crear espacios; es la conexi\u00f3n entre la vida cotidiana y el entorno que la define.","breadcrumb":{"@id":"https:\/\/viparquitectes.com\/es\/sobre-nosotros\/#breadcrumb"},"inLanguage":"es","potentialAction":[{"@type":"ReadAction","target":["https:\/\/viparquitectes.com\/es\/sobre-nosotros\/"]}]},{"@type":"BreadcrumbList","@id":"https:\/\/viparquitectes.com\/es\/sobre-nosotros\/#breadcrumb","itemListElement":[{"@type":"ListItem","position":1,"name":"Inici","item":"https:\/\/viparquitectes.com\/es\/"},{"@type":"ListItem","position":2,"name":"Sobre nosotros"}]},{"@type":"WebSite","@id":"https:\/\/viparquitectes.com\/#website","url":"https:\/\/viparquitectes.com\/","name":"VIP Arquitectes","description":"Estudi d\u2019arquitectura a Barcelona","publisher":{"@id":"https:\/\/viparquitectes.com\/#organization"},"alternateName":"VIP Arquitectes","potentialAction":[{"@type":"SearchAction","target":{"@type":"EntryPoint","urlTemplate":"https:\/\/viparquitectes.com\/?s={search_term_string}"},"query-input":{"@type":"PropertyValueSpecification","valueRequired":true,"valueName":"search_term_string"}}],"inLanguage":"es"},{"@type":"Organization","@id":"https:\/\/viparquitectes.com\/#organization","name":"VIP Arquitectes","alternateName":"VIP Arquitectes","url":"https:\/\/viparquitectes.com\/","logo":{"@type":"ImageObject","inLanguage":"es","@id":"https:\/\/viparquitectes.com\/#\/schema\/logo\/image\/","url":"https:\/\/viparquitectes.com\/wp-content\/uploads\/2025\/04\/Capa_1-1.svg","contentUrl":"https:\/\/viparquitectes.com\/wp-content\/uploads\/2025\/04\/Capa_1-1.svg","width":1,"height":1,"caption":"VIP Arquitectes"},"image":{"@id":"https:\/\/viparquitectes.com\/#\/schema\/logo\/image\/"},"sameAs":["https:\/\/www.facebook.com\/viparquitectes\/","https:\/\/www.instagram.com\/vip_arquitectes\/"]}]}},"_links":{"self":[{"href":"https:\/\/viparquitectes.com\/es\/wp-json\/wp\/v2\/pages\/1919","targetHints":{"allow":["GET"]}}],"collection":[{"href":"https:\/\/viparquitectes.com\/es\/wp-json\/wp\/v2\/pages"}],"about":[{"href":"https:\/\/viparquitectes.com\/es\/wp-json\/wp\/v2\/types\/page"}],"author":[{"embeddable":true,"href":"https:\/\/viparquitectes.com\/es\/wp-json\/wp\/v2\/users\/1"}],"replies":[{"embeddable":true,"href":"https:\/\/viparquitectes.com\/es\/wp-json\/wp\/v2\/comments?post=1919"}],"version-history":[{"count":0,"href":"https:\/\/viparquitectes.com\/es\/wp-json\/wp\/v2\/pages\/1919\/revisions"}],"wp:attachment":[{"href":"https:\/\/viparquitectes.com\/es\/wp-json\/wp\/v2\/media?parent=1919"}],"curies":[{"name":"wp","href":"https:\/\/api.w.org\/{rel}","templated":true}]}}